{"id":17,"date":"2017-02-28T16:28:54","date_gmt":"2017-02-28T15:28:54","guid":{"rendered":"http:\/\/open-handed-starter.de\/?page_id=17"},"modified":"2017-02-28T16:29:46","modified_gmt":"2017-02-28T15:29:46","slug":"impressum","status":"publish","type":"page","link":"https:\/\/open-handed-starter.de\/index.php\/impressum\/","title":{"rendered":"Impressum"},"content":{"rendered":"<header class=\"entry-header tc-skin-bubble-comment-color\">\n<hr class=\"featurette-divider __before_content\" \/>\n<\/header>\n<div class=\"entry-content\">\n<div class=\"entry-content\">\n<div class=\"entry-content\">\n<p><a href=\"http:\/\/www.alfredmusic.de\/\" target=\"_blank\"><strong>Alfred Music Publishing GmbH<\/strong><\/a><br \/>\nL\u00fctzerathstr. 127<br \/>\n51107 K\u00f6ln<br \/>\nTel.: 0221 \u2013 93 35 39 0<br \/>\nFax: 0221 \u2013 93 35 39 16<br \/>\ninfo@alfredverlag.de<br \/>\n<a href=\"http:\/\/www.alfredmusic.de\/\" target=\"_blank\">alfredmusic.de<\/a><\/p>\n<p>Jegliche Reproduktion und sonstige Verwendung der gesamten Website und\/oder urheberrechtlich gesch\u00fctzter Teile dieser Website, insbesondere Ton- und Bildmaterial, Fotos, Texte, Grafiken, Layouts ist \u2013 soweit nicht ausdr\u00fccklich anders angegeben \u2013 nicht gestattet.<\/p>\n<p><strong>Haftungsausschluss<\/strong><br \/>\nDieser Haftungsausschluss ist als Teil des Internetangebotes zu betrachten. Sofern einzelne Bestimmungen des folgenden Textes der geltenden Rechtslage nicht, nicht mehr oder nicht vollst\u00e4ndig entsprechen sollten und\/oder aus sonstigen Gr\u00fcnden unwirksam sein sollten, bleiben die \u00fcbrigen Teile des Textes davon unber\u00fchrt.<br \/>\n<strong>1. Inhalt des Onlineangebotes<\/strong><br \/>\nDer Betreiber \u00fcbernimmt keinerlei Gew\u00e4hr f\u00fcr die Aktualit\u00e4t, Korrektheit, Vollst\u00e4ndigkeit oder Qualit\u00e4t der bereitgestellten Inhalte. S\u00e4mtliche Haftungsanspr\u00fcche gegen den Betreiber, die durch die Nutzung der Website und\/oder der dargebotenen Inhalte, sind grunds\u00e4tzlich ausgeschlossen, sofern seitens des Betreibers kein nachweislich vors\u00e4tzliches oder grob fahrl\u00e4ssiges Verschulden vorliegt. Alle Angebote sind freibleibend und unverbindlich. Der Autor beh\u00e4lt es sich ausdr\u00fccklich vor, Teile der Seiten oder das gesamte Angebot ohne gesonderte Ank\u00fcndigung zu ver\u00e4ndern, zu erg\u00e4nzen, zu l\u00f6schen oder die Ver\u00f6ffentlichung zeitweise oder endg\u00fcltig einzustellen.<br \/>\n<strong>2. Links und Fremdeintr\u00e4ge<\/strong><br \/>\nBei direkten oder indirekten Verweisen auf fremde Internetseiten (\u201cLinks\u201d), die au\u00dferhalb des Verantwortungsbereiches des Betreibers liegen, wird f\u00fcr deren Inhalt keinerlei Haftung \u00fcbernommen, es sei denn der Betreiber macht sich diese ausdr\u00fccklich zu eigen. Eventuelle Verpflichtungen des Betreibers, Links zu rechtswidrigen Inhalten, von denen der Betreiber Kenntnis hat, zu l\u00f6schen, bleiben unber\u00fchrt. Das gleiche gilt f\u00fcr Fremdeintr\u00e4ge in vom Betreiber eingerichteten G\u00e4steb\u00fcchern, Diskussionsforen, Chats und Mailinglisten. Diese geben insbesondere nicht unbedingt die Meinung des Betreibers wieder.<br \/>\n<strong>3. Datenschutz<\/strong><br \/>\nSofern innerhalb des Internetangebotes die M\u00f6glichkeit zur Eingabe pers\u00f6nlicher oder gesch\u00e4ftlicher Daten (Emailadressen, Namen, Anschriften) besteht, so erfolgt die Preisgabe dieser Daten seitens des Nutzers auf ausdr\u00fccklich freiwilliger Basis. Die Inanspruchnahme aller angebotenen Dienste ist \u2013 soweit technisch m\u00f6glich und zumutbar \u2013 auch ohne Angabe solcher Daten bzw. unter Angabe anonymisierter Daten oder eines Pseudonyms gestattet. Wir versichern, dass eingegebene pers\u00f6nliche Daten lediglich durch den Betreiber dieser Website gespeichert und genutzt werden; eine Weitergabe an Dritte erfolgt nicht.<\/p>\n<\/div>\n<\/div>\n<\/div>\n","protected":false},"excerpt":{"rendered":"<p>Alfred Music Publishing GmbH L\u00fctzerathstr. 127 51107 K\u00f6ln Tel.: 0221 \u2013 93 35 39 0 Fax: 0221 \u2013 93 35 39 16 info@alfredverlag.de alfredmusic.de Jegliche Reproduktion und sonstige Verwendung der gesamten Website und\/oder urheberrechtlich gesch\u00fctzter Teile dieser Website, insbesondere Ton- und Bildmaterial, Fotos, Texte, Grafiken, Layouts ist \u2013 soweit nicht ausdr\u00fccklich anders angegeben \u2013 nicht [&hellip;]<\/p>\n","protected":false},"author":1,"featured_media":0,"parent":0,"menu_order":0,"comment_status":"closed","ping_status":"closed","template":"","meta":{"footnotes":""},"class_list":["post-17","page","type-page","status-publish","czr-hentry"],"_links":{"self":[{"href":"https:\/\/open-handed-starter.de\/index.php\/wp-json\/wp\/v2\/pages\/17","targetHints":{"allow":["GET"]}}],"collection":[{"href":"https:\/\/open-handed-starter.de\/index.php\/wp-json\/wp\/v2\/pages"}],"about":[{"href":"https:\/\/open-handed-starter.de\/index.php\/wp-json\/wp\/v2\/types\/page"}],"author":[{"embeddable":true,"href":"https:\/\/open-handed-starter.de\/index.php\/wp-json\/wp\/v2\/users\/1"}],"replies":[{"embeddable":true,"href":"https:\/\/open-handed-starter.de\/index.php\/wp-json\/wp\/v2\/comments?post=17"}],"version-history":[{"count":2,"href":"https:\/\/open-handed-starter.de\/index.php\/wp-json\/wp\/v2\/pages\/17\/revisions"}],"predecessor-version":[{"id":23,"href":"https:\/\/open-handed-starter.de\/index.php\/wp-json\/wp\/v2\/pages\/17\/revisions\/23"}],"wp:attachment":[{"href":"https:\/\/open-handed-starter.de\/index.php\/wp-json\/wp\/v2\/media?parent=17"}],"curies":[{"name":"wp","href":"https:\/\/api.w.org\/{rel}","templated":true}]}}