{"id":15,"date":"2017-02-28T16:28:31","date_gmt":"2017-02-28T15:28:31","guid":{"rendered":"http:\/\/open-handed-starter.de\/?page_id=15"},"modified":"2018-07-25T15:19:04","modified_gmt":"2018-07-25T13:19:04","slug":"bestellen","status":"publish","type":"page","link":"https:\/\/open-handed-starter.de\/index.php\/bestellen\/","title":{"rendered":"Bestellen"},"content":{"rendered":"<p style=\"text-align: left;\"><a href=\"http:\/\/www.alfredmusic.de\/artikel\/00-20246G\" target=\"blank\"><img loading=\"lazy\" decoding=\"async\" style=\"float: left; margin-right: 15px; box-shadow: 5px 5px 5px grey;\" src=\"http:\/\/open-handed-starter.de\/wp-content\/uploads\/2017\/03\/20246G.jpg\" alt=\"\" width=\"424\" height=\"600\" \/><\/a><strong>\u201eOpen-Handed Playing\u201c<\/strong> \u2013 das \u201eNicht\u00fcberkreuzen\u201c der H\u00e4nde beim Schlagzeugspiel \u2013 wird von Nicht-Schlagzeugern als die eigentlich nat\u00fcrliche Spielhaltung wahrgenommen; das \u00dcberkreuzspielen hingegen als unnat\u00fcrlich. Unter ausgebildeten Drummern f\u00fchrt die Bevorzugung einer dieser beiden Spielweisen allerdings immer wieder zu Polarisierungen. Eigentlich unverst\u00e4ndlich, denn die Vorteile der offenen Spielweise gegen\u00fcber dem Spiel mit \u00fcberkreuzten H\u00e4nden liegen auf der Hand:<\/p>\n<p style=\"text-align: left;\">&#8211; Mehr Bewegungsfreiheit beim gleichzeitigen Spiel von Hi-Hat und Snare.<\/p>\n<p style=\"text-align: left;\">&#8211; Ergonomisch vorteilhaftere K\u00f6rperhaltung am Drumset sowie<\/p>\n<p style=\"text-align: left;\">&#8211; vielf\u00e4ltigere Klangauswahl.<\/p>\n<p style=\"text-align: left;\">Wenn man sich aber vor Augen f\u00fchrt, dass \u00fcber viele Jahrzehnte im Schlagzeugunterricht die \u00fcberkreuzte Position der H\u00e4nde vorrangig vermittelt wurde, kann man den Widerstand der Traditionalisten gegen eine Umorientierung der Spielweise nachvollziehen. Denn die Bereitschaft, die eigene Spielweise g\u00e4nzlich umzustellen, die man sich unter Schwei\u00df und Tr\u00e4nen \u00fcber Jahre erarbeitet hat, muss zwangsl\u00e4ufig erst einmal auf Widerstand sto\u00dfen. Umso wichtiger ist, dass endlich auch f\u00fcr Einsteiger Lehrmaterial zum Open-Handed Playing entwickelt wird, das keine nachtr\u00e4gliche Umstellung mehr erfordert.<\/p>\n<p style=\"text-align: left;\">Der Open-Handed Starter von Johannes B\u00f6hn soll diese L\u00fccke schlie\u00dfen. Claus Hessler, einer der Protagonisten der offenen Spielweise \u2028bekr\u00e4ftigt in seinem Vorwort zum vorliegenden Werk:<\/p>\n<p style=\"text-align: left;\">\u201eDiesen eigentlich so nat\u00fcrlichen Zugang zum Drumsetspiel auch schon auf Einsteigerebene methodisch und didaktisch gelungen zu vermitteln, \u2028ist der gro\u00dfe Pluspunkt des vorliegenden \u2028Buches. Modernes Drumsetspiel hat in den \u2028letzten Jahren immer wieder die tech\u2028nischen Grenzen nach oben bzw. nach \u2028au\u00dfen verschoben &#8230; Das Potential \u2028unseres Instruments allerdings in \u2028gr\u00f6\u00dftm\u00f6glichem Umfang zu nutzen und \u2028Wege aufzuzeigen, wie sich das Drumset \u2028effizienter und nat\u00fcrlicher spielen \u2028l\u00e4sst, ist Aufgabe jedes Instrumental\u2028lehrers. \u201eOpen-Handed Playing\u201c dabei als \u2028wesentlichen Aspekt in Betracht zu ziehen, \u2028stellt f\u00fcr mich eine Investition in die \u2028Zukunft junger Schlagzeuger dar &#8211; unter denen \u2028sich ohne Zweifel der n\u00e4chste Buddy Rich, \u2028John Bonham, Simon Phillips etc. befindet \u2026\u201c<\/p>\n<p>&nbsp;<\/p>\n<h3><a href=\"https:\/\/www.alfredmusic.de\/open-handed-starter.html\" target=\"blank\">Jetzt Bestellen!<\/a><\/h3>\n","protected":false},"excerpt":{"rendered":"<p>\u201eOpen-Handed Playing\u201c \u2013 das \u201eNicht\u00fcberkreuzen\u201c der H\u00e4nde beim Schlagzeugspiel \u2013 wird von Nicht-Schlagzeugern als die eigentlich nat\u00fcrliche Spielhaltung wahrgenommen; das \u00dcberkreuzspielen hingegen als unnat\u00fcrlich. Unter ausgebildeten Drummern f\u00fchrt die Bevorzugung einer dieser beiden Spielweisen allerdings immer wieder zu Polarisierungen. Eigentlich unverst\u00e4ndlich, denn die Vorteile der offenen Spielweise gegen\u00fcber dem Spiel mit \u00fcberkreuzten H\u00e4nden liegen auf [&hellip;]<\/p>\n","protected":false},"author":1,"featured_media":0,"parent":0,"menu_order":0,"comment_status":"closed","ping_status":"closed","template":"","meta":{"footnotes":""},"class_list":["post-15","page","type-page","status-publish","czr-hentry"],"_links":{"self":[{"href":"https:\/\/open-handed-starter.de\/index.php\/wp-json\/wp\/v2\/pages\/15","targetHints":{"allow":["GET"]}}],"collection":[{"href":"https:\/\/open-handed-starter.de\/index.php\/wp-json\/wp\/v2\/pages"}],"about":[{"href":"https:\/\/open-handed-starter.de\/index.php\/wp-json\/wp\/v2\/types\/page"}],"author":[{"embeddable":true,"href":"https:\/\/open-handed-starter.de\/index.php\/wp-json\/wp\/v2\/users\/1"}],"replies":[{"embeddable":true,"href":"https:\/\/open-handed-starter.de\/index.php\/wp-json\/wp\/v2\/comments?post=15"}],"version-history":[{"count":11,"href":"https:\/\/open-handed-starter.de\/index.php\/wp-json\/wp\/v2\/pages\/15\/revisions"}],"predecessor-version":[{"id":81,"href":"https:\/\/open-handed-starter.de\/index.php\/wp-json\/wp\/v2\/pages\/15\/revisions\/81"}],"wp:attachment":[{"href":"https:\/\/open-handed-starter.de\/index.php\/wp-json\/wp\/v2\/media?parent=15"}],"curies":[{"name":"wp","href":"https:\/\/api.w.org\/{rel}","templated":true}]}}